{"id":38543,"date":"2015-04-23T12:57:21","date_gmt":"2015-04-23T12:57:21","guid":{"rendered":"https:\/\/villasbrignogan.com\/bedingungen-und-konditionen\/"},"modified":"2015-04-23T12:57:21","modified_gmt":"2015-04-23T12:57:21","slug":"bedingungen-und-konditionen","status":"publish","type":"page","link":"https:\/\/villasbrignogan.com\/de\/bedingungen-und-konditionen\/","title":{"rendered":"Bedingungen und Konditionen"},"content":{"rendered":"<p><strong>Allgemeine Bedingungen<\/strong><\/p>\n<p>Diese Datenschutzrichtlinie regelt, wie die Website <strong>Villasbrignogan.com<\/strong> die Informationen, die von den Nutzern (jeder ein &#8222;Nutzer&#8220;) der Website <strong><a href=\"https:\/\/www.villasbrignogan.com\" rel=\"nofollow\">https:\/\/www.villasbrignogan.com<\/a><\/strong> (&#8222;Website&#8220;) gesammelt werden, sammelt, verwendet, speichert und offenlegt. Diese Datenschutzrichtlinie gilt f\u00fcr die Website sowie f\u00fcr alle Produkte und Dienstleistungen, die von den technischen Partnern der Website angeboten werden. <\/p>\n<h3>Pers\u00f6nliche Informationen zur Identifizierung<\/h3>\n<p>Wir k\u00f6nnen auf verschiedene Weise pers\u00f6nlich identifizierbare Informationen von Nutzern in Verbindung mit den Aktivit\u00e4ten, Dienstleistungen, Funktionen oder Ressourcen, die auf unserer Website zur Verf\u00fcgung gestellt werden, sammeln. Die Nutzer k\u00f6nnen unsere Website anonym besuchen. Wir werden nur dann pers\u00f6nlich identifizierbare Informationen sammeln, wenn die Nutzer uns diese freiwillig zur Verf\u00fcgung stellen. Die Nutzer k\u00f6nnen die Bereitstellung dieser Informationen jederzeit ablehnen, es sei denn, dies hindert sie daran, an bestimmten Aktivit\u00e4ten im Zusammenhang mit der Website teilzunehmen.   <\/p>\n<h3>Nicht-pers\u00f6nliche Identifikationsinformationen<\/h3>\n<p>Wir k\u00f6nnen nicht-pers\u00f6nliche, identifizierende Informationen \u00fcber die Nutzer sammeln, wenn sie mit unserer Website interagieren. Diese Informationen k\u00f6nnen den Namen des Browsers, den Typ des Computers sowie technische Details \u00fcber die Art und Weise, wie die Nutzer mit unserer Website verbunden sind, umfassen, wie z.B. das Betriebssystem, den Internet Service Provider und andere \u00e4hnliche Informationen. <\/p>\n<h3>Cookies des Webbrowsers<\/h3>\n<p>Unsere Website kann &#8222;Cookies&#8220; verwenden, um die Benutzererfahrung zu verbessern. Der Webbrowser des Nutzers platziert Cookies auf der Festplatte des Nutzers zu Archivierungszwecken und manchmal auch, um bestimmte Informationen \u00fcber den Nutzer zu verfolgen. Der Nutzer kann seinen Webbrowser so einstellen, dass er Cookies ablehnt oder benachrichtigt wird, wenn sie gesendet werden. Wenn dies der Fall ist, kann es sein, dass einige Teile der Website nicht richtig funktionieren.   <\/p>\n<h3>Schutz Ihrer Informationen<\/h3>\n<p>Wir wenden angemessene Praktiken bei der Erfassung, Speicherung und Verarbeitung von Daten sowie Sicherheitsma\u00dfnahmen an, um Ihre pers\u00f6nlichen Daten, Benutzernamen, Passw\u00f6rter, Transaktionsdaten und auf unserer Website gespeicherten Daten vor unbefugtem Zugriff, \u00c4nderung, Offenlegung oder Vernichtung zu sch\u00fctzen.<\/p>\n<h3>Weitergabe Ihrer pers\u00f6nlichen Informationen<\/h3>\n<p>Wir verkaufen, tauschen oder vermieten die pers\u00f6nlichen Identifikationsdaten der Nutzer nicht an Dritte. Wir k\u00f6nnen aggregierte allgemeine demografische Informationen, die nicht mit personenbezogenen Daten verbunden sind, an unsere Gesch\u00e4ftspartner, vertrauensw\u00fcrdigen Partner und Werbetreibenden f\u00fcr die oben beschriebenen Zwecke weitergeben. <\/p>\n<h3>\u00c4nderungen an dieser Datenschutzrichtlinie<\/h3>\n<p>Der Betreiber dieser Website beh\u00e4lt sich das Recht vor, diese Datenschutzrichtlinie jederzeit zu aktualisieren. Wenn wir dies tun, aktualisieren wir das Datum der \u00dcberarbeitung am Ende dieser Seite. Wir empfehlen den Nutzern, diese Seite h\u00e4ufig zu besuchen, um sich \u00fcber m\u00f6gliche \u00c4nderungen in Bezug auf den Schutz der von uns gesammelten pers\u00f6nlichen Daten zu informieren. Sie erkennen an und erkl\u00e4ren sich damit einverstanden, dass es in Ihrer Verantwortung liegt, diese Datenschutzrichtlinie regelm\u00e4\u00dfig zu \u00fcberpr\u00fcfen, um \u00fcber \u00c4nderungen informiert zu sein.   <\/p>\n<h3>Ihre Zustimmung zu diesen Bedingungen<\/h3>\n<p>Durch die Nutzung dieser Website erkl\u00e4ren Sie sich mit dieser Richtlinie einverstanden. Wenn Sie mit dieser Richtlinie nicht einverstanden sind, nutzen Sie unsere Website bitte nicht. Wenn Sie die Website nach der Ver\u00f6ffentlichung von \u00c4nderungen an dieser Richtlinie weiterhin nutzen, wird dies als Ihre Zustimmung zu diesen \u00c4nderungen angesehen.  <\/p>\n","protected":false},"excerpt":{"rendered":"<p>Allgemeine Bedingungen Diese Datenschutzrichtlinie regelt, wie die Website Villasbrignogan.com die Informationen, die von den Nutzern (jeder ein &#8222;Nutzer&#8220;) der Website <a href=\"https:\/\/www.villasbrignogan.com\" rel=\"nofollow\">https:\/\/www.villasbrignogan.com<\/a> (&#8222;Website&#8220;) gesammelt werden, sammelt, verwendet, speichert und offenlegt. Diese Datenschutzrichtlinie gilt f\u00fcr die Website sowie f\u00fcr alle Produkte und Dienstleistungen, die von den technischen Partnern der Website angeboten werden. Pers\u00f6nliche Informationen zur Identifizierung Wir &#8230;<\/p>\n","protected":false},"author":260312211,"featured_media":0,"parent":0,"menu_order":0,"comment_status":"closed","ping_status":"closed","template":"terms_conditions.php","meta":{"inline_featured_image":false,"footnotes":""},"class_list":["post-38543","page","type-page","status-publish","hentry"],"yoast_head":"<!-- This site is optimized with the Yoast SEO plugin v27.4 - https:\/\/yoast.com\/product\/yoast-seo-wordpress\/ -->\n<title>Bedingungen und Konditionen - Villen Brignogan - Standorte vacances<\/title>\n<meta name=\"robots\" content=\"index, follow, max-snippet:-1, max-image-preview:large, max-video-preview:-1\" \/>\n<link rel=\"canonical\" href=\"https:\/\/villasbrignogan.com\/de\/bedingungen-und-konditionen\/\" \/>\n<meta property=\"og:locale\" content=\"de_DE\" \/>\n<meta property=\"og:type\" content=\"article\" \/>\n<meta property=\"og:title\" content=\"Bedingungen und Konditionen - Villen Brignogan - Standorte vacances\" \/>\n<meta property=\"og:description\" content=\"Allgemeine Bedingungen Diese Datenschutzrichtlinie regelt, wie die Website Villasbrignogan.com die Informationen, die von den Nutzern (jeder ein &#8222;Nutzer&#8220;) der Website https:\/\/www.villasbrignogan.com (&#8222;Website&#8220;) gesammelt werden, sammelt, verwendet, speichert und offenlegt. Diese Datenschutzrichtlinie gilt f\u00fcr die Website sowie f\u00fcr alle Produkte und Dienstleistungen, die von den technischen Partnern der Website angeboten werden. Pers\u00f6nliche Informationen zur Identifizierung Wir ...\" \/>\n<meta property=\"og:url\" content=\"https:\/\/villasbrignogan.com\/de\/bedingungen-und-konditionen\/\" \/>\n<meta property=\"og:site_name\" content=\"Villen Brignogan - Standorte vacances\" \/>\n<meta property=\"og:image\" content=\"https:\/\/i0.wp.com\/villasbrignogan.com\/wp-content\/uploads\/2025\/02\/LOGO-VBrignogan-JB-N-OR-5-e1739093397661.png?fit=1146%2C958&ssl=1\" \/>\n\t<meta property=\"og:image:width\" content=\"1146\" \/>\n\t<meta property=\"og:image:height\" content=\"958\" \/>\n\t<meta property=\"og:image:type\" content=\"image\/png\" \/>\n<meta name=\"twitter:card\" content=\"summary_large_image\" \/>\n<meta name=\"twitter:label1\" content=\"Gesch\u00e4tzte Lesezeit\" \/>\n\t<meta name=\"twitter:data1\" content=\"3\u00a0Minute\" \/>\n<script type=\"application\/ld+json\" class=\"yoast-schema-graph\">{\"@context\":\"https:\\\/\\\/schema.org\",\"@graph\":[{\"@type\":\"WebPage\",\"@id\":\"https:\\\/\\\/villasbrignogan.com\\\/de\\\/bedingungen-und-konditionen\\\/\",\"url\":\"https:\\\/\\\/villasbrignogan.com\\\/de\\\/bedingungen-und-konditionen\\\/\",\"name\":\"Bedingungen und Konditionen - Villen Brignogan - Standorte vacances\",\"isPartOf\":{\"@id\":\"https:\\\/\\\/villasbrignogan.com\\\/de\\\/#website\"},\"datePublished\":\"2015-04-23T12:57:21+00:00\",\"breadcrumb\":{\"@id\":\"https:\\\/\\\/villasbrignogan.com\\\/de\\\/bedingungen-und-konditionen\\\/#breadcrumb\"},\"inLanguage\":\"de\",\"potentialAction\":[{\"@type\":\"ReadAction\",\"target\":[\"https:\\\/\\\/villasbrignogan.com\\\/de\\\/bedingungen-und-konditionen\\\/\"]}]},{\"@type\":\"BreadcrumbList\",\"@id\":\"https:\\\/\\\/villasbrignogan.com\\\/de\\\/bedingungen-und-konditionen\\\/#breadcrumb\",\"itemListElement\":[{\"@type\":\"ListItem\",\"position\":1,\"name\":\"Accueil\",\"item\":\"https:\\\/\\\/villasbrignogan.com\\\/de\\\/homepage-main\\\/\"},{\"@type\":\"ListItem\",\"position\":2,\"name\":\"Bedingungen und Konditionen\"}]},{\"@type\":\"WebSite\",\"@id\":\"https:\\\/\\\/villasbrignogan.com\\\/de\\\/#website\",\"url\":\"https:\\\/\\\/villasbrignogan.com\\\/de\\\/\",\"name\":\"Villas Brignogan - Locations vacances\",\"description\":\"Urlaubsort in Finist\u00e8re bei Brignogan\",\"publisher\":{\"@id\":\"https:\\\/\\\/villasbrignogan.com\\\/de\\\/#organization\"},\"potentialAction\":[{\"@type\":\"SearchAction\",\"target\":{\"@type\":\"EntryPoint\",\"urlTemplate\":\"https:\\\/\\\/villasbrignogan.com\\\/de\\\/?s={search_term_string}\"},\"query-input\":{\"@type\":\"PropertyValueSpecification\",\"valueRequired\":true,\"valueName\":\"search_term_string\"}}],\"inLanguage\":\"de\"},{\"@type\":\"Organization\",\"@id\":\"https:\\\/\\\/villasbrignogan.com\\\/de\\\/#organization\",\"name\":\"Villas brignogan\",\"url\":\"https:\\\/\\\/villasbrignogan.com\\\/de\\\/\",\"logo\":{\"@type\":\"ImageObject\",\"inLanguage\":\"de\",\"@id\":\"https:\\\/\\\/villasbrignogan.com\\\/de\\\/#\\\/schema\\\/logo\\\/image\\\/\",\"url\":\"https:\\\/\\\/i0.wp.com\\\/villasbrignogan.com\\\/wp-content\\\/uploads\\\/2025\\\/02\\\/LOGO-VBrignogan-JB-N-1-1.png?fit=4167%2C2500&ssl=1\",\"contentUrl\":\"https:\\\/\\\/i0.wp.com\\\/villasbrignogan.com\\\/wp-content\\\/uploads\\\/2025\\\/02\\\/LOGO-VBrignogan-JB-N-1-1.png?fit=4167%2C2500&ssl=1\",\"width\":4167,\"height\":2500,\"caption\":\"Villas brignogan\"},\"image\":{\"@id\":\"https:\\\/\\\/villasbrignogan.com\\\/de\\\/#\\\/schema\\\/logo\\\/image\\\/\"}}]}<\/script>\n<!-- \/ Yoast SEO plugin. -->","yoast_head_json":{"title":"Bedingungen und Konditionen - Villen Brignogan - Standorte vacances","robots":{"index":"index","follow":"follow","max-snippet":"max-snippet:-1","max-image-preview":"max-image-preview:large","max-video-preview":"max-video-preview:-1"},"canonical":"https:\/\/villasbrignogan.com\/de\/bedingungen-und-konditionen\/","og_locale":"de_DE","og_type":"article","og_title":"Bedingungen und Konditionen - Villen Brignogan - Standorte vacances","og_description":"Allgemeine Bedingungen Diese Datenschutzrichtlinie regelt, wie die Website Villasbrignogan.com die Informationen, die von den Nutzern (jeder ein &#8222;Nutzer&#8220;) der Website https:\/\/www.villasbrignogan.com (&#8222;Website&#8220;) gesammelt werden, sammelt, verwendet, speichert und offenlegt. Diese Datenschutzrichtlinie gilt f\u00fcr die Website sowie f\u00fcr alle Produkte und Dienstleistungen, die von den technischen Partnern der Website angeboten werden. Pers\u00f6nliche Informationen zur Identifizierung Wir ...","og_url":"https:\/\/villasbrignogan.com\/de\/bedingungen-und-konditionen\/","og_site_name":"Villen Brignogan - Standorte vacances","og_image":[{"width":1146,"height":958,"url":"https:\/\/i0.wp.com\/villasbrignogan.com\/wp-content\/uploads\/2025\/02\/LOGO-VBrignogan-JB-N-OR-5-e1739093397661.png?fit=1146%2C958&ssl=1","type":"image\/png"}],"twitter_card":"summary_large_image","twitter_misc":{"Gesch\u00e4tzte Lesezeit":"3\u00a0Minute"},"schema":{"@context":"https:\/\/schema.org","@graph":[{"@type":"WebPage","@id":"https:\/\/villasbrignogan.com\/de\/bedingungen-und-konditionen\/","url":"https:\/\/villasbrignogan.com\/de\/bedingungen-und-konditionen\/","name":"Bedingungen und Konditionen - Villen Brignogan - Standorte vacances","isPartOf":{"@id":"https:\/\/villasbrignogan.com\/de\/#website"},"datePublished":"2015-04-23T12:57:21+00:00","breadcrumb":{"@id":"https:\/\/villasbrignogan.com\/de\/bedingungen-und-konditionen\/#breadcrumb"},"inLanguage":"de","potentialAction":[{"@type":"ReadAction","target":["https:\/\/villasbrignogan.com\/de\/bedingungen-und-konditionen\/"]}]},{"@type":"BreadcrumbList","@id":"https:\/\/villasbrignogan.com\/de\/bedingungen-und-konditionen\/#breadcrumb","itemListElement":[{"@type":"ListItem","position":1,"name":"Accueil","item":"https:\/\/villasbrignogan.com\/de\/homepage-main\/"},{"@type":"ListItem","position":2,"name":"Bedingungen und Konditionen"}]},{"@type":"WebSite","@id":"https:\/\/villasbrignogan.com\/de\/#website","url":"https:\/\/villasbrignogan.com\/de\/","name":"Villas Brignogan - Locations vacances","description":"Urlaubsort in Finist\u00e8re bei Brignogan","publisher":{"@id":"https:\/\/villasbrignogan.com\/de\/#organization"},"potentialAction":[{"@type":"SearchAction","target":{"@type":"EntryPoint","urlTemplate":"https:\/\/villasbrignogan.com\/de\/?s={search_term_string}"},"query-input":{"@type":"PropertyValueSpecification","valueRequired":true,"valueName":"search_term_string"}}],"inLanguage":"de"},{"@type":"Organization","@id":"https:\/\/villasbrignogan.com\/de\/#organization","name":"Villas brignogan","url":"https:\/\/villasbrignogan.com\/de\/","logo":{"@type":"ImageObject","inLanguage":"de","@id":"https:\/\/villasbrignogan.com\/de\/#\/schema\/logo\/image\/","url":"https:\/\/i0.wp.com\/villasbrignogan.com\/wp-content\/uploads\/2025\/02\/LOGO-VBrignogan-JB-N-1-1.png?fit=4167%2C2500&ssl=1","contentUrl":"https:\/\/i0.wp.com\/villasbrignogan.com\/wp-content\/uploads\/2025\/02\/LOGO-VBrignogan-JB-N-1-1.png?fit=4167%2C2500&ssl=1","width":4167,"height":2500,"caption":"Villas brignogan"},"image":{"@id":"https:\/\/villasbrignogan.com\/de\/#\/schema\/logo\/image\/"}}]}},"jetpack_likes_enabled":false,"jetpack_sharing_enabled":true,"jetpack_shortlink":"https:\/\/wp.me\/PggLiH-a1F","jetpack-related-posts":[{"id":38483,"url":"https:\/\/villasbrignogan.com\/de\/gdpr-bedingungen-und-konditionen\/","url_meta":{"origin":38543,"position":0},"title":"GDPR Bedingungen und Konditionen","author":"jbhamel","date":"6. August 2019","format":false,"excerpt":"GDPR Bedingungen & Konditionen Wer wir sind Bearbeiten Sie diesen Inhalt wie gew\u00fcnscht. Unsere Webadresse ist. Kommentare Wenn Besucher Kommentare auf der Website hinterlassen, sammeln wir die im Kommentarformular angegebenen Daten sowie die IP-Adresse des Besuchers und den String des Browsers, um bei der Spam-Erkennung zu helfen. Ein anonymisierter String,\u2026","rel":"","context":"\u00c4hnlicher Beitrag","block_context":{"text":"\u00c4hnlicher Beitrag","link":""},"img":{"alt_text":"","src":"","width":0,"height":0},"classes":[]},{"id":38456,"url":"https:\/\/villasbrignogan.com\/de\/ueber-uns\/","url_meta":{"origin":38543,"position":1},"title":"\u00dcber uns","author":"jbhamel","date":"1. M\u00e4rz 2023","format":false,"excerpt":"\u00dcber Wp Rentals WpRentals ist stolz darauf, Ihnen Unterst\u00fctzung mit allem zu bieten, was Sie brauchen, um Ihren n\u00e4chsten Urlaub zu den sch\u00f6nsten Reisezielen zu planen. Was ist WpRentals und woher kommen diese Listen? Sie k\u00f6nnen aus 10 Listen w\u00e4hlen, die von unserem Unternehmen in Teneriffa verwaltet werden. Rentals in\u2026","rel":"","context":"\u00c4hnlicher Beitrag","block_context":{"text":"\u00c4hnlicher Beitrag","link":""},"img":{"alt_text":"","src":"","width":0,"height":0},"classes":[]},{"id":38455,"url":"https:\/\/villasbrignogan.com\/de\/","url_meta":{"origin":38543,"position":2},"title":"Live-Startseite","author":"jbhamel","date":"7. August 2019","format":false,"excerpt":"Erholen Sie sich in Finistere Vermietung von Villen am Meer in Brignogan-Plages Villen Unsere Immobilien zur Miete Machen Sie Urlaub in Brignogan-Plages 400 \u20ac \/nuit VUE MER Villa Chardons bleus Chardons bleus, Brignogan-plages Villas \/ Propri\u00e9t\u00e9 enti\u00e8re Willkommen in Brignogan-Plages, einem St\u00fcck Paradies im Herzen des Finist\u00e8re, wo das Meer\u2026","rel":"","context":"\u00c4hnlicher Beitrag","block_context":{"text":"\u00c4hnlicher Beitrag","link":""},"img":{"alt_text":"","src":"","width":0,"height":0},"classes":[]},{"id":38533,"url":"https:\/\/villasbrignogan.com\/de\/radius-search-half-map\/","url_meta":{"origin":38543,"position":3},"title":"Radius Search &amp; Half Map","author":"jbhamel","date":"16. August 2018","format":false,"excerpt":"[vc_row css=\".vc_custom_1534429682443{padding-right: 0px !important;padding-left: 0px !important;}\"][vc_column css=\".vc_custom_1534429688402{padding-right: 0px !important;padding-left: 0px !important;}\"][vc_column_text]Aktivieren Sie die Radius-Suche aus den Themenoptionen. Diese Option erm\u00f6glicht es Ihnen, nach einem Kartenstandort zu suchen. Nachdem sie den Ort gew\u00e4hlt haben, \u00e4ndert sich die Karte und zeigt alle Eintr\u00e4ge innerhalb eines bestimmten Radius von diesem Ort an (falls\u2026","rel":"","context":"\u00c4hnlicher Beitrag","block_context":{"text":"\u00c4hnlicher Beitrag","link":""},"img":{"alt_text":"","src":"","width":0,"height":0},"classes":[]},{"id":38382,"url":"https:\/\/villasbrignogan.com\/de\/goennen-sie-sich-einen-ausflug-nach-brignogan-plages\/","url_meta":{"origin":38543,"position":4},"title":"G\u00f6nnen Sie sich einen Ausflug nach Brignogan-plages.","author":"jbhamel","date":"21. April 2025","format":false,"excerpt":"Wir sind in der Umgebung aufgewachsen, mit den vom Wind geformten Felsen, den langen Gezeiten im Sommer und den Ausfl\u00fcgen ans Meer, die den Charme unseres Dorfes ausmachen. Heute ist es uns ein Anliegen, diese Ecke der Bretagne, die uns so sehr am Herzen liegt, mit Ihnen zu teilen, durch\u2026","rel":"","context":"\u00c4hnlicher Beitrag","block_context":{"text":"\u00c4hnlicher Beitrag","link":""},"img":{"alt_text":"Port de Brignogan","src":"https:\/\/i0.wp.com\/villasbrignogan.com\/wp-content\/uploads\/2025\/04\/Brignogan-Port.jpeg?fit=1024%2C768&ssl=1&resize=350%2C200","width":350,"height":200,"srcset":"https:\/\/i0.wp.com\/villasbrignogan.com\/wp-content\/uploads\/2025\/04\/Brignogan-Port.jpeg?fit=1024%2C768&ssl=1&resize=350%2C200 1x, https:\/\/i0.wp.com\/villasbrignogan.com\/wp-content\/uploads\/2025\/04\/Brignogan-Port.jpeg?fit=1024%2C768&ssl=1&resize=525%2C300 1.5x, https:\/\/i0.wp.com\/villasbrignogan.com\/wp-content\/uploads\/2025\/04\/Brignogan-Port.jpeg?fit=1024%2C768&ssl=1&resize=700%2C400 2x"},"classes":[]},{"id":38522,"url":"https:\/\/villasbrignogan.com\/de\/blog-list\/","url_meta":{"origin":38543,"position":5},"title":"Blog List","author":"jbhamel","date":"20. April 2015","format":false,"excerpt":"[vc_row css=\".vc_custom_1444140028752{margin-bottom: 30px !important;}\"][vc_column][vc_column_text]Der Ursprung des Wortes \"Reise\" ist in der Geschichte wahrscheinlich verloren gegangen. Der Begriff \"Reise\" stammt m\u00f6glicherweise von dem altfranz\u00f6sischen Wort travail ab[3] Laut dem Merriam Webster W\u00f6rterbuch wurde das Wort Reise erstmals im 14. Es besagt auch, dass das Wort aus dem Mittelenglischen Travaen, Travelen (was\u2026","rel":"","context":"\u00c4hnlicher Beitrag","block_context":{"text":"\u00c4hnlicher Beitrag","link":""},"img":{"alt_text":"","src":"","width":0,"height":0},"classes":[]}],"_links":{"self":[{"href":"https:\/\/villasbrignogan.com\/de\/wp-json\/wp\/v2\/pages\/38543","targetHints":{"allow":["GET"]}}],"collection":[{"href":"https:\/\/villasbrignogan.com\/de\/wp-json\/wp\/v2\/pages"}],"about":[{"href":"https:\/\/villasbrignogan.com\/de\/wp-json\/wp\/v2\/types\/page"}],"author":[{"embeddable":true,"href":"https:\/\/villasbrignogan.com\/de\/wp-json\/wp\/v2\/users\/260312211"}],"replies":[{"embeddable":true,"href":"https:\/\/villasbrignogan.com\/de\/wp-json\/wp\/v2\/comments?post=38543"}],"version-history":[{"count":0,"href":"https:\/\/villasbrignogan.com\/de\/wp-json\/wp\/v2\/pages\/38543\/revisions"}],"wp:attachment":[{"href":"https:\/\/villasbrignogan.com\/de\/wp-json\/wp\/v2\/media?parent=38543"}],"curies":[{"name":"wp","href":"https:\/\/api.w.org\/{rel}","templated":true}]}}