{"id":38537,"date":"2015-04-23T12:57:21","date_gmt":"2015-04-23T12:57:21","guid":{"rendered":"https:\/\/villasbrignogan.com\/termini-e-condizioni\/"},"modified":"2015-04-23T12:57:21","modified_gmt":"2015-04-23T12:57:21","slug":"termini-e-condizioni","status":"publish","type":"page","link":"https:\/\/villasbrignogan.com\/it\/termini-e-condizioni\/","title":{"rendered":"Termini e condizioni"},"content":{"rendered":"<p><strong>Termini e condizioni generali<\/strong><\/p>\n<p>La presente informativa sulla privacy disciplina il modo in cui <strong>Villasbrignogan.com<\/strong> raccoglie, utilizza, conserva e divulga le informazioni raccolte dagli utenti (ciascuno, un &#8220;Utente&#8221;) del sito web <strong><a href=\"https:\/\/www.villasbrignogan.com\" rel=\"nofollow\">https:\/\/www.villasbrignogan.com<\/a><\/strong> (&#8220;Sito&#8221;). Questa politica sulla privacy si applica al Sito e a tutti i prodotti e servizi offerti dai partner tecnici del sito. <\/p>\n<h3>Informazioni di identificazione personale<\/h3>\n<p>Possiamo raccogliere informazioni di identificazione personale dagli Utenti in vari modi in relazione alle attivit\u00e0, ai servizi, alle funzioni o alle risorse rese disponibili sul nostro Sito. Gli utenti possono visitare il nostro Sito in forma anonima. Raccoglieremo informazioni di identificazione personale solo se gli utenti ce le forniranno volontariamente. Gli utenti possono sempre rifiutarsi di fornire tali informazioni, tranne nel caso in cui ci\u00f2 impedisca loro di partecipare a determinate attivit\u00e0 relative al Sito.   <\/p>\n<h3>Informazioni di identificazione non personali<\/h3>\n<p>Possiamo raccogliere informazioni identificative non personali sugli Utenti quando interagiscono con il nostro Sito. Queste informazioni possono includere il nome del browser, il tipo di computer e i dettagli tecnici sulle modalit\u00e0 di connessione degli utenti al nostro Sito, come il sistema operativo, il provider di servizi Internet e altre informazioni simili. <\/p>\n<h3>Cookie del browser web<\/h3>\n<p>Il nostro Sito pu\u00f2 utilizzare i &#8220;cookie&#8221; per migliorare l&#8217;esperienza degli Utenti. Il browser web dell&#8217;Utente inserisce i cookie sul suo disco rigido a scopo di archiviazione e, talvolta, per tracciare alcune informazioni sull&#8217;Utente. Gli utenti possono configurare il proprio browser web in modo da rifiutare i cookie o da essere avvisati quando vengono inviati. In tal caso, alcune parti del Sito potrebbero non funzionare correttamente.   <\/p>\n<h3>Proteggere le tue informazioni<\/h3>\n<p>Adottiamo pratiche appropriate di raccolta, archiviazione ed elaborazione dei dati e misure di sicurezza per proteggere dall&#8217;accesso non autorizzato, dall&#8217;alterazione, dalla divulgazione o dalla distruzione delle informazioni personali, dei nomi utente, delle password, delle informazioni sulle transazioni e dei dati archiviati sul nostro Sito.<\/p>\n<h3>Condividere le tue informazioni personali<\/h3>\n<p>Non vendiamo, commercializziamo o affittiamo a terzi le informazioni di identificazione personale degli utenti. Possiamo condividere informazioni demografiche generali aggregate, non collegate a informazioni personali, con i nostri partner commerciali, affiliati di fiducia e inserzionisti per gli scopi sopra descritti. <\/p>\n<h3>Modifiche alla presente informativa sulla privacy<\/h3>\n<p>Il gestore del sito si riserva il diritto di aggiornare la presente informativa sulla privacy in qualsiasi momento. In tal caso, aggiorneremo la data di revisione in fondo a questa pagina. Invitiamo gli utenti a controllare frequentemente questa pagina per essere sempre informati su eventuali modifiche relative alla protezione dei dati personali raccolti. L&#8217;utente riconosce e accetta che \u00e8 sua responsabilit\u00e0 rivedere regolarmente la presente Informativa sulla privacy per essere a conoscenza di eventuali modifiche.   <\/p>\n<h3>La tua accettazione di queste condizioni<\/h3>\n<p>Utilizzando il Sito, l&#8217;utente accetta questa politica. Se non sei d&#8217;accordo con questa politica, ti invitiamo a non utilizzare il nostro Sito. L&#8217;uso continuato del Sito da parte dell&#8217;utente in seguito alla pubblicazione di modifiche alla presente informativa sar\u00e0 considerato come accettazione di tali modifiche.  <\/p>\n","protected":false},"excerpt":{"rendered":"<p>Termini e condizioni generali La presente informativa sulla privacy disciplina il modo in cui Villasbrignogan.com raccoglie, utilizza, conserva e divulga le informazioni raccolte dagli utenti (ciascuno, un &#8220;Utente&#8221;) del sito web <a href=\"https:\/\/www.villasbrignogan.com\" rel=\"nofollow\">https:\/\/www.villasbrignogan.com<\/a> (&#8220;Sito&#8221;). Questa politica sulla privacy si applica al Sito e a tutti i prodotti e servizi offerti dai partner tecnici del sito. Informazioni &#8230;<\/p>\n","protected":false},"author":260312211,"featured_media":0,"parent":0,"menu_order":0,"comment_status":"closed","ping_status":"closed","template":"terms_conditions.php","meta":{"inline_featured_image":false,"footnotes":""},"class_list":["post-38537","page","type-page","status-publish","hentry"],"yoast_head":"<!-- This site is optimized with the Yoast SEO plugin v27.4 - https:\/\/yoast.com\/product\/yoast-seo-wordpress\/ -->\n<title>Termini e condizioni - Ville Brignogan - Locations vacances<\/title>\n<meta name=\"robots\" content=\"index, follow, max-snippet:-1, max-image-preview:large, max-video-preview:-1\" \/>\n<link rel=\"canonical\" href=\"https:\/\/villasbrignogan.com\/it\/termini-e-condizioni\/\" \/>\n<meta property=\"og:locale\" content=\"it_IT\" \/>\n<meta property=\"og:type\" content=\"article\" \/>\n<meta property=\"og:title\" content=\"Termini e condizioni - Ville Brignogan - Locations vacances\" \/>\n<meta property=\"og:description\" content=\"Termini e condizioni generali La presente informativa sulla privacy disciplina il modo in cui Villasbrignogan.com raccoglie, utilizza, conserva e divulga le informazioni raccolte dagli utenti (ciascuno, un &#8220;Utente&#8221;) del sito web https:\/\/www.villasbrignogan.com (&#8220;Sito&#8221;). Questa politica sulla privacy si applica al Sito e a tutti i prodotti e servizi offerti dai partner tecnici del sito. Informazioni ...\" \/>\n<meta property=\"og:url\" content=\"https:\/\/villasbrignogan.com\/it\/termini-e-condizioni\/\" \/>\n<meta property=\"og:site_name\" content=\"Ville Brignogan - Locations vacances\" \/>\n<meta property=\"og:image\" content=\"https:\/\/i0.wp.com\/villasbrignogan.com\/wp-content\/uploads\/2025\/02\/LOGO-VBrignogan-JB-N-OR-5-e1739093397661.png?fit=1146%2C958&ssl=1\" \/>\n\t<meta property=\"og:image:width\" content=\"1146\" \/>\n\t<meta property=\"og:image:height\" content=\"958\" \/>\n\t<meta property=\"og:image:type\" content=\"image\/png\" \/>\n<meta name=\"twitter:card\" content=\"summary_large_image\" \/>\n<meta name=\"twitter:label1\" content=\"Tempo di lettura stimato\" \/>\n\t<meta name=\"twitter:data1\" content=\"2 minuto\" \/>\n<script type=\"application\/ld+json\" class=\"yoast-schema-graph\">{\"@context\":\"https:\\\/\\\/schema.org\",\"@graph\":[{\"@type\":\"WebPage\",\"@id\":\"https:\\\/\\\/villasbrignogan.com\\\/it\\\/termini-e-condizioni\\\/\",\"url\":\"https:\\\/\\\/villasbrignogan.com\\\/it\\\/termini-e-condizioni\\\/\",\"name\":\"Termini e condizioni - Ville Brignogan - Locations vacances\",\"isPartOf\":{\"@id\":\"https:\\\/\\\/villasbrignogan.com\\\/it\\\/#website\"},\"datePublished\":\"2015-04-23T12:57:21+00:00\",\"breadcrumb\":{\"@id\":\"https:\\\/\\\/villasbrignogan.com\\\/it\\\/termini-e-condizioni\\\/#breadcrumb\"},\"inLanguage\":\"it-IT\",\"potentialAction\":[{\"@type\":\"ReadAction\",\"target\":[\"https:\\\/\\\/villasbrignogan.com\\\/it\\\/termini-e-condizioni\\\/\"]}]},{\"@type\":\"BreadcrumbList\",\"@id\":\"https:\\\/\\\/villasbrignogan.com\\\/it\\\/termini-e-condizioni\\\/#breadcrumb\",\"itemListElement\":[{\"@type\":\"ListItem\",\"position\":1,\"name\":\"Accueil\",\"item\":\"https:\\\/\\\/villasbrignogan.com\\\/it\\\/homepage-principale\\\/\"},{\"@type\":\"ListItem\",\"position\":2,\"name\":\"Termini e condizioni\"}]},{\"@type\":\"WebSite\",\"@id\":\"https:\\\/\\\/villasbrignogan.com\\\/it\\\/#website\",\"url\":\"https:\\\/\\\/villasbrignogan.com\\\/it\\\/\",\"name\":\"Villas Brignogan - Locations vacances\",\"description\":\"Location vacance en finist\u00e8re \u00e0 Brignogan\",\"publisher\":{\"@id\":\"https:\\\/\\\/villasbrignogan.com\\\/it\\\/#organization\"},\"potentialAction\":[{\"@type\":\"SearchAction\",\"target\":{\"@type\":\"EntryPoint\",\"urlTemplate\":\"https:\\\/\\\/villasbrignogan.com\\\/it\\\/?s={search_term_string}\"},\"query-input\":{\"@type\":\"PropertyValueSpecification\",\"valueRequired\":true,\"valueName\":\"search_term_string\"}}],\"inLanguage\":\"it-IT\"},{\"@type\":\"Organization\",\"@id\":\"https:\\\/\\\/villasbrignogan.com\\\/it\\\/#organization\",\"name\":\"Villas brignogan\",\"url\":\"https:\\\/\\\/villasbrignogan.com\\\/it\\\/\",\"logo\":{\"@type\":\"ImageObject\",\"inLanguage\":\"it-IT\",\"@id\":\"https:\\\/\\\/villasbrignogan.com\\\/it\\\/#\\\/schema\\\/logo\\\/image\\\/\",\"url\":\"https:\\\/\\\/i0.wp.com\\\/villasbrignogan.com\\\/wp-content\\\/uploads\\\/2025\\\/02\\\/LOGO-VBrignogan-JB-N-1-1.png?fit=4167%2C2500&ssl=1\",\"contentUrl\":\"https:\\\/\\\/i0.wp.com\\\/villasbrignogan.com\\\/wp-content\\\/uploads\\\/2025\\\/02\\\/LOGO-VBrignogan-JB-N-1-1.png?fit=4167%2C2500&ssl=1\",\"width\":4167,\"height\":2500,\"caption\":\"Villas brignogan\"},\"image\":{\"@id\":\"https:\\\/\\\/villasbrignogan.com\\\/it\\\/#\\\/schema\\\/logo\\\/image\\\/\"}}]}<\/script>\n<!-- \/ Yoast SEO plugin. -->","yoast_head_json":{"title":"Termini e condizioni - Ville Brignogan - Locations vacances","robots":{"index":"index","follow":"follow","max-snippet":"max-snippet:-1","max-image-preview":"max-image-preview:large","max-video-preview":"max-video-preview:-1"},"canonical":"https:\/\/villasbrignogan.com\/it\/termini-e-condizioni\/","og_locale":"it_IT","og_type":"article","og_title":"Termini e condizioni - Ville Brignogan - Locations vacances","og_description":"Termini e condizioni generali La presente informativa sulla privacy disciplina il modo in cui Villasbrignogan.com raccoglie, utilizza, conserva e divulga le informazioni raccolte dagli utenti (ciascuno, un &#8220;Utente&#8221;) del sito web https:\/\/www.villasbrignogan.com (&#8220;Sito&#8221;). Questa politica sulla privacy si applica al Sito e a tutti i prodotti e servizi offerti dai partner tecnici del sito. Informazioni ...","og_url":"https:\/\/villasbrignogan.com\/it\/termini-e-condizioni\/","og_site_name":"Ville Brignogan - Locations vacances","og_image":[{"width":1146,"height":958,"url":"https:\/\/i0.wp.com\/villasbrignogan.com\/wp-content\/uploads\/2025\/02\/LOGO-VBrignogan-JB-N-OR-5-e1739093397661.png?fit=1146%2C958&ssl=1","type":"image\/png"}],"twitter_card":"summary_large_image","twitter_misc":{"Tempo di lettura stimato":"2 minuto"},"schema":{"@context":"https:\/\/schema.org","@graph":[{"@type":"WebPage","@id":"https:\/\/villasbrignogan.com\/it\/termini-e-condizioni\/","url":"https:\/\/villasbrignogan.com\/it\/termini-e-condizioni\/","name":"Termini e condizioni - Ville Brignogan - Locations vacances","isPartOf":{"@id":"https:\/\/villasbrignogan.com\/it\/#website"},"datePublished":"2015-04-23T12:57:21+00:00","breadcrumb":{"@id":"https:\/\/villasbrignogan.com\/it\/termini-e-condizioni\/#breadcrumb"},"inLanguage":"it-IT","potentialAction":[{"@type":"ReadAction","target":["https:\/\/villasbrignogan.com\/it\/termini-e-condizioni\/"]}]},{"@type":"BreadcrumbList","@id":"https:\/\/villasbrignogan.com\/it\/termini-e-condizioni\/#breadcrumb","itemListElement":[{"@type":"ListItem","position":1,"name":"Accueil","item":"https:\/\/villasbrignogan.com\/it\/homepage-principale\/"},{"@type":"ListItem","position":2,"name":"Termini e condizioni"}]},{"@type":"WebSite","@id":"https:\/\/villasbrignogan.com\/it\/#website","url":"https:\/\/villasbrignogan.com\/it\/","name":"Villas Brignogan - Locations vacances","description":"Location vacance en finist\u00e8re \u00e0 Brignogan","publisher":{"@id":"https:\/\/villasbrignogan.com\/it\/#organization"},"potentialAction":[{"@type":"SearchAction","target":{"@type":"EntryPoint","urlTemplate":"https:\/\/villasbrignogan.com\/it\/?s={search_term_string}"},"query-input":{"@type":"PropertyValueSpecification","valueRequired":true,"valueName":"search_term_string"}}],"inLanguage":"it-IT"},{"@type":"Organization","@id":"https:\/\/villasbrignogan.com\/it\/#organization","name":"Villas brignogan","url":"https:\/\/villasbrignogan.com\/it\/","logo":{"@type":"ImageObject","inLanguage":"it-IT","@id":"https:\/\/villasbrignogan.com\/it\/#\/schema\/logo\/image\/","url":"https:\/\/i0.wp.com\/villasbrignogan.com\/wp-content\/uploads\/2025\/02\/LOGO-VBrignogan-JB-N-1-1.png?fit=4167%2C2500&ssl=1","contentUrl":"https:\/\/i0.wp.com\/villasbrignogan.com\/wp-content\/uploads\/2025\/02\/LOGO-VBrignogan-JB-N-1-1.png?fit=4167%2C2500&ssl=1","width":4167,"height":2500,"caption":"Villas brignogan"},"image":{"@id":"https:\/\/villasbrignogan.com\/it\/#\/schema\/logo\/image\/"}}]}},"jetpack_likes_enabled":false,"jetpack_sharing_enabled":true,"jetpack_shortlink":"https:\/\/wp.me\/PggLiH-a1z","jetpack-related-posts":[{"id":38485,"url":"https:\/\/villasbrignogan.com\/it\/termini-e-condizioni-gdpr\/","url_meta":{"origin":38537,"position":0},"title":"Termini e condizioni GDPR","author":"jbhamel","date":"6 Agosto 2019","format":false,"excerpt":"Termini e condizioni GDPR Chi siamo Modifica questo contenuto come desideri. L'indirizzo del nostro sito web \u00e8. Commenti Quando i visitatori lasciano commenti sul sito, raccogliamo i dati mostrati nel modulo dei commenti, nonch\u00e9 l'indirizzo IP del visitatore e la stringa dello user agent del browser per facilitare il rilevamento\u2026","rel":"","context":"Articolo simile","block_context":{"text":"Articolo simile","link":""},"img":{"alt_text":"","src":"","width":0,"height":0},"classes":[]},{"id":38474,"url":"https:\/\/villasbrignogan.com\/it\/chi-siamo\/","url_meta":{"origin":38537,"position":1},"title":"Chi siamo","author":"jbhamel","date":"1 Marzo 2023","format":false,"excerpt":"Informazioni su Wp Rentals WpRentals \u00e8 orgogliosa di offrire assistenza per tutto ci\u00f2 di cui hai bisogno per pianificare la tua prossima vacanza nelle destinazioni pi\u00f9 belle. Cos'\u00e8 WpRentals e da dove provengono questi annunci? Puoi scegliere tra 10 annunci gestiti dalla nostra azienda a Tenerife. Rentals in Tenerife \u00e8\u2026","rel":"","context":"Articolo simile","block_context":{"text":"Articolo simile","link":""},"img":{"alt_text":"","src":"","width":0,"height":0},"classes":[]},{"id":38528,"url":"https:\/\/villasbrignogan.com\/it\/mappa-radius-search-half\/","url_meta":{"origin":38537,"position":2},"title":"Mappa Radius Search &amp; Half","author":"jbhamel","date":"16 Agosto 2018","format":false,"excerpt":"[vc_row css=\".vc_custom_1534429682443{padding-right: 0px !important;padding-left: 0px !important;}\"][vc_column css=\".vc_custom_1534429688402{padding-right: 0px !important;padding-left: 0px !important;}\"][vc_column_text]Abilita la ricerca Radius dalle opzioni del tema. L'opzione consente agli utenti di cercare una posizione sulla mappa. Dopo aver selezionato la localit\u00e0, la mappa cambia e mostra tutti gli annunci entro un raggio specifico da quella localit\u00e0 (se esistono\u2026","rel":"","context":"Articolo simile","block_context":{"text":"Articolo simile","link":""},"img":{"alt_text":"","src":"","width":0,"height":0},"classes":[]},{"id":38547,"url":"https:\/\/villasbrignogan.com\/it\/elenco-delle-proprieta-barra-laterale-sinistra\/","url_meta":{"origin":38537,"position":3},"title":"Elenco delle propriet\u00e0 &#8211; Barra laterale sinistra","author":"jbhamel","date":"16 Aprile 2015","format":false,"excerpt":"Che si tratti di un appartamento per una notte, di un castello per una settimana o di una villa per un mese, Rentals mette in contatto le persone con esperienze di viaggio uniche, a qualsiasi prezzo. Grazie a un servizio clienti di prim'ordine e a una comunit\u00e0 di utenti in\u2026","rel":"","context":"Articolo simile","block_context":{"text":"Articolo simile","link":""},"img":{"alt_text":"","src":"","width":0,"height":0},"classes":[]},{"id":38453,"url":"https:\/\/villasbrignogan.com\/it\/","url_meta":{"origin":38537,"position":4},"title":"Pagina iniziale in diretta","author":"jbhamel","date":"7 Agosto 2019","format":false,"excerpt":"Ricarica le batterie a Finistere Ville in affitto sul mare a Brignogan-Plages Ville Le nostre propriet\u00e0 in affitto Vai in vacanza a Brignogan-Plages 400 \u20ac \/nuit VUE MER Villa Chardons bleus Chardons bleus, Brignogan-plages Villas \/ Propri\u00e9t\u00e9 enti\u00e8re Benvenuto a Brignogan-Plages, un angolo di paradiso incastonato nel cuore del Finist\u00e8re,\u2026","rel":"","context":"Articolo simile","block_context":{"text":"Articolo simile","link":""},"img":{"alt_text":"","src":"","width":0,"height":0},"classes":[]},{"id":38389,"url":"https:\/\/villasbrignogan.com\/it\/concediti-una-pausa-a-brignogan-plages\/","url_meta":{"origin":38537,"position":5},"title":"Concediti una pausa a Brignogan-plages","author":"jbhamel","date":"21 Aprile 2025","format":false,"excerpt":"Nati e cresciuti in questa zona, siamo cresciuti tra le rocce scolpite dal vento, le lunghe maree estive e le uscite in mare che rendono il nostro villaggio cos\u00ec affascinante. Oggi desideriamo condividere con te questo angolo di Bretagna che ci \u00e8 cos\u00ec caro, attraverso il nostro affitti a Brignogan\u2026","rel":"","context":"Articolo simile","block_context":{"text":"Articolo simile","link":""},"img":{"alt_text":"Port de Brignogan","src":"https:\/\/i0.wp.com\/villasbrignogan.com\/wp-content\/uploads\/2025\/04\/Brignogan-Port.jpeg?fit=1024%2C768&ssl=1&resize=350%2C200","width":350,"height":200,"srcset":"https:\/\/i0.wp.com\/villasbrignogan.com\/wp-content\/uploads\/2025\/04\/Brignogan-Port.jpeg?fit=1024%2C768&ssl=1&resize=350%2C200 1x, https:\/\/i0.wp.com\/villasbrignogan.com\/wp-content\/uploads\/2025\/04\/Brignogan-Port.jpeg?fit=1024%2C768&ssl=1&resize=525%2C300 1.5x, https:\/\/i0.wp.com\/villasbrignogan.com\/wp-content\/uploads\/2025\/04\/Brignogan-Port.jpeg?fit=1024%2C768&ssl=1&resize=700%2C400 2x"},"classes":[]}],"_links":{"self":[{"href":"https:\/\/villasbrignogan.com\/it\/wp-json\/wp\/v2\/pages\/38537","targetHints":{"allow":["GET"]}}],"collection":[{"href":"https:\/\/villasbrignogan.com\/it\/wp-json\/wp\/v2\/pages"}],"about":[{"href":"https:\/\/villasbrignogan.com\/it\/wp-json\/wp\/v2\/types\/page"}],"author":[{"embeddable":true,"href":"https:\/\/villasbrignogan.com\/it\/wp-json\/wp\/v2\/users\/260312211"}],"replies":[{"embeddable":true,"href":"https:\/\/villasbrignogan.com\/it\/wp-json\/wp\/v2\/comments?post=38537"}],"version-history":[{"count":0,"href":"https:\/\/villasbrignogan.com\/it\/wp-json\/wp\/v2\/pages\/38537\/revisions"}],"wp:attachment":[{"href":"https:\/\/villasbrignogan.com\/it\/wp-json\/wp\/v2\/media?parent=38537"}],"curies":[{"name":"wp","href":"https:\/\/api.w.org\/{rel}","templated":true}]}}